{"id":681,"date":"2022-07-02T05:28:59","date_gmt":"2022-07-02T05:28:59","guid":{"rendered":"https:\/\/startersites.io\/elementor\/floreo\/?page_id=681"},"modified":"2026-03-12T10:24:18","modified_gmt":"2026-03-12T10:24:18","slug":"gioi-thieu","status":"publish","type":"page","link":"https:\/\/vilifa.com\/ja\/gioi-thieu\/","title":{"rendered":"Gi\u1edbi thi\u1ec7u"},"content":{"rendered":"<div data-elementor-type=\"wp-page\" data-elementor-id=\"681\" class=\"elementor elementor-681\">\n\t\t\t\t<div class=\"elementor-element elementor-element-da2f1b1 e-flex e-con-boxed e-con e-parent\" data-id=\"da2f1b1\" data-element_type=\"container\" data-e-type=\"container\" data-settings=\"{&quot;background_background&quot;:&quot;classic&quot;}\">\n\t\t\t\t\t<div class=\"e-con-inner\">\n\t\t\t\t<div class=\"elementor-element elementor-element-3fedb34 elementor-widget elementor-widget-heading\" data-id=\"3fedb34\" data-element_type=\"widget\" data-e-type=\"widget\" data-widget_type=\"heading.default\">\n\t\t\t\t\t<h2 class=\"elementor-heading-title elementor-size-default\">Gi\u1edbi thi\u1ec7u Vilifa<\/h2>\t\t\t\t<\/div>\n\t\t\t\t\t<\/div>\n\t\t\t\t<\/div>\n\t\t<div class=\"elementor-element elementor-element-3151d61 e-flex e-con-boxed e-con e-parent\" data-id=\"3151d61\" data-element_type=\"container\" data-e-type=\"container\">\n\t\t\t\t\t<div class=\"e-con-inner\">\n\t\t\t\t<div class=\"elementor-element elementor-element-3db54f2 elementor-widget elementor-widget-text-editor\" data-id=\"3db54f2\" data-element_type=\"widget\" data-e-type=\"widget\" data-widget_type=\"text-editor.default\">\n\t\t\t\t\t\t\t\t\t<p>Gi\u1edbi thi\u1ec7u<\/p>\t\t\t\t\t\t\t\t<\/div>\n\t\t\t\t<div class=\"elementor-element elementor-element-24f7b3d elementor-widget-mobile__width-inherit elementor-widget elementor-widget-heading\" data-id=\"24f7b3d\" data-element_type=\"widget\" data-e-type=\"widget\" data-widget_type=\"heading.default\">\n\t\t\t\t\t<h2 class=\"elementor-heading-title elementor-size-default\">V\u00ec sao ch\u1ecdn <mark style=\"color:#E2A700\">ch\u00fang t\u00f4i<\/mark><\/h2>\t\t\t\t<\/div>\n\t\t\t\t<div class=\"elementor-element elementor-element-8402d02 elementor-widget elementor-widget-text-editor\" data-id=\"8402d02\" data-element_type=\"widget\" data-e-type=\"widget\" data-widget_type=\"text-editor.default\">\n\t\t\t\t\t\t\t\t\t<p>V\u1edbi s\u1ee9 m\u1ec7nh mang \u0111\u1ebfn nh\u1eefng s\u1ea3n ph\u1ea9m n\u00f4ng nghi\u1ec7p s\u1ea1ch, an to\u00e0n v\u00e0 ch\u1ea5t l\u01b0\u1ee3ng cao, Vilifa \u0111\u00e3 v\u00e0 \u0111ang tr\u1edf th\u00e0nh \u0111i\u1ec3m \u0111\u1ebfn tin c\u1eady c\u1ee7a c\u00e1c \u0111\u1ed1i t\u00e1c doanh nghi\u1ec7p v\u00e0 ng\u01b0\u1eddi ti\u00eau d\u00f9ng. H\u00e3y c\u00f9ng ch\u00fang t\u00f4i x\u00e2y d\u1ef1ng m\u1ed9t c\u1ed9ng \u0111\u1ed3ng ti\u00eau d\u00f9ng th\u00f4ng minh, h\u01b0\u1edbng \u0111\u1ebfn nh\u1eefng gi\u00e1 tr\u1ecb s\u1ed1ng b\u1ec1n v\u1eefng.<\/p><p><strong>I. V\u1ec1 ch\u00fang t\u00f4i<\/strong><br \/>C\u00f9ng v\u1edbi s\u1ef1 nhi\u1ec7t huy\u1ebft v\u00e0 ni\u1ec1m \u0111am m\u00ea v\u1edbi n\u00f4ng nghi\u1ec7p v\u00e0 \u0111\u1eb7c bi\u1ec7t l\u00e0 tr\u00e1i c\u00e2y v\u00e0 n\u00f4ng s\u1ea3n T\u00e2y Nguy\u00ean, ch\u00fang t\u00f4i \u0111\u00e3 c\u00f3 nh\u1eefng b\u01b0\u1edbc \u0111i \u0111\u1ea7u ti\u00ean v\u00e0o n\u0103m 2018 b\u1eb1ng vi\u1ec7c thu mua tr\u00e1i c\u00e2y trong khu v\u1ef1c, ph\u00e1t tri\u1ec3n v\u00f9ng tr\u1ed3ng v\u00e0 ph\u00e2n ph\u1ed1i h\u00e0ng h\u00f3a cho c\u00e1c l\u00e1i bu\u00f4n v\u00e0 c\u00f4ng ty l\u1edbn. \u0110\u1ebfn \u0111\u1ea7u n\u0103m 2024, Vilifa \u0111\u00e3 \u0111\u01b0\u1ee3c ra th\u00e0nh l\u1eadp v\u1edbi m\u1ee5c ti\u00eau l\u1edbn lao l\u00e0 xu\u1ea5t kh\u1ea9u tr\u00e1i c\u00e2y v\u00e0 n\u00f4ng s\u1ea3n t\u01b0\u01a1i, \u0111\u00f4ng l\u1ea1nh ra th\u1ebf gi\u1edbi. Ch\u00fang t\u00f4i cam k\u1ebft mang \u0111\u1ebfn cho kh\u00e1ch h\u00e0ng nh\u1eefng s\u1ea3n ph\u1ea9m ch\u1ea5t l\u01b0\u1ee3ng cao, \u0111\u00e1p \u1ee9ng m\u1ecdi ti\u00eau chu\u1ea9n qu\u1ed1c t\u1ebf v\u1ec1 an to\u00e0n v\u1ec7 sinh th\u1ef1c ph\u1ea9m v\u00e0 b\u1ea3o v\u1ec7 m\u00f4i tr\u01b0\u1eddng.<\/p><p>Nh\u1edd n\u1ec1n t\u1ea3ng v\u1eefng ch\u1eafc c\u00f9ng \u0111\u1ed9i ng\u0169 nh\u00e2n vi\u00ean nhi\u1ec7t huy\u1ebft, Vilifa lu\u00f4n n\u1ed7 l\u1ef1c \u0111\u1ec3 kh\u1eb3ng \u0111\u1ecbnh v\u1ecb th\u1ebf c\u1ee7a m\u00ecnh trong ng\u00e0nh c\u00f4ng nghi\u1ec7p n\u00f4ng s\u1ea3n. Ch\u00fang t\u00f4i hi\u1ec3u r\u1eb1ng, s\u1ef1 th\u00e0nh c\u00f4ng c\u1ee7a m\u1ed7i doanh nghi\u1ec7p kh\u00f4ng ch\u1ec9 \u0111\u1ebfn t\u1eeb s\u1ea3n ph\u1ea9m m\u00e0 c\u00f2n t\u1eeb s\u1ef1 tin t\u01b0\u1edfng v\u00e0 h\u00e0i l\u00f2ng c\u1ee7a kh\u00e1ch h\u00e0ng. V\u00ec v\u1eady, c\u00f4ng ty Vilifa ch\u00fa tr\u1ecdng \u0111\u1ebfn t\u1eebng chi ti\u1ebft trong quy tr\u00ecnh s\u1ea3n xu\u1ea5t, t\u1eeb kh\u00e2u ch\u1ecdn l\u1ef1a nguy\u00ean li\u1ec7u, ch\u1ebf bi\u1ebfn \u0111\u1ebfn b\u1ea3o qu\u1ea3n, nh\u1eb1m \u0111\u1ea3m b\u1ea3o m\u1ed7i s\u1ea3n ph\u1ea9m khi \u0111\u1ebfn tay kh\u00e1ch h\u00e0ng \u0111\u1ec1u \u0111\u1ea1t ch\u1ea5t l\u01b0\u1ee3ng cao nh\u1ea5t.<\/p><p><strong>II. T\u1ea7m nh\u00ecn<\/strong><br \/>Trong b\u1ed1i c\u1ea3nh to\u00e0n c\u1ea7u h\u00f3a ng\u00e0y c\u00e0ng s\u00e2u r\u1ed9ng, Vilifa kh\u00f4ng ch\u1ec9 \u0111\u1eb7t m\u1ee5c ti\u00eau ph\u00e1t tri\u1ec3n b\u1ec1n v\u1eefng m\u00e0 c\u00f2n m\u1edf r\u1ed9ng th\u1ecb ph\u1ea7n ra kh\u1eafp c\u00e1c ch\u00e2u l\u1ee5c. Vilifa h\u01b0\u1edbng t\u1edbi t\u1ea7m nh\u00ecn tr\u1edf th\u00e0nh th\u01b0\u01a1ng hi\u1ec7u h\u00e0ng \u0111\u1ea7u trong l\u0129nh v\u1ef1c xu\u1ea5t kh\u1ea9u n\u00f4ng s\u1ea3n v\u00e0 l\u00e0 \u0111\u1ed1i t\u00e1c tin c\u1eady c\u1ee7a c\u00e1c doanh nghi\u1ec7p tr\u00ean to\u00e0n c\u1ea7u. Ch\u00fang t\u00f4i lu\u00f4n c\u1ed1 g\u1eafng h\u1ecdc h\u1ecfi v\u00e0 \u00e1p d\u1ee5ng c\u00e1c c\u00f4ng ngh\u1ec7 m\u1edbi \u0111\u1ec3 mang l\u1ea1i nh\u1eefng s\u1ea3n ph\u1ea9m t\u1ed1t nh\u1ea5t, g\u00f3p ph\u1ea7n n\u00e2ng cao gi\u00e1 tr\u1ecb n\u00f4ng s\u1ea3n Vi\u1ec7t Nam tr\u00ean th\u1ecb tr\u01b0\u1eddng qu\u1ed1c t\u1ebf.<\/p><p><strong>III. S\u1ee9 m\u1ec7nh<\/strong><br \/>V\u1edbi kh\u1ea9u hi\u1ec7u \u201cPure Ingredients, Pure Joy\u201d, s\u1ee9 m\u1ec7nh c\u1ee7a Vilifa l\u00e0 \u0111em \u0111\u1ebfn nh\u1eefng s\u1ea3n ph\u1ea9m n\u00f4ng s\u1ea3n t\u01b0\u01a1i s\u1ea1ch, thu\u1ea7n khi\u1ebft, \u0111\u1ea3m b\u1ea3o ch\u1ea5t l\u01b0\u1ee3ng v\u00e0 dinh d\u01b0\u1ee1ng cho cu\u1ed9c s\u1ed1ng an l\u00e0nh. Ch\u00fang t\u00f4i tin r\u1eb1ng c\u00e1c lo\u1ea1i tr\u00e1i c\u00e2y, n\u00f4ng s\u1ea3n kh\u00f4ng ch\u1ec9 \u0111\u01a1n thu\u1ea7n l\u00e0 th\u1ef1c ph\u1ea9m, m\u00e0 c\u00f2n l\u00e0 s\u1ef1 k\u1ebft n\u1ed1i gi\u1eefa con ng\u01b0\u1eddi v\u1edbi thi\u00ean nhi\u00ean, gi\u1eefa nh\u00e0 s\u1ea3n xu\u1ea5t v\u00e0 ng\u01b0\u1eddi ti\u00eau d\u00f9ng. M\u1ed7i s\u1ea3n ph\u1ea9m t\u1eeb Vilifa \u0111\u1ec1u \u0111\u01b0\u1ee3c s\u1ea3n xu\u1ea5t, ch\u1ebf bi\u1ebfn v\u1edbi t\u00e2m huy\u1ebft v\u00e0 s\u1ef1 t\u1ec9 m\u1ec9, nh\u1eb1m mang \u0111\u1ebfn cho kh\u00e1ch h\u00e0ng nh\u1eefng tr\u1ea3i nghi\u1ec7m \u1ea9m th\u1ef1c tuy\u1ec7t v\u1eddi nh\u1ea5t, g\u00f3p ph\u1ea7n t\u1ea1o n\u00ean nh\u1eefng kho\u1ea3nh kh\u1eafc vui v\u1ebb v\u00e0 \u00fd ngh\u0129a trong t\u1eebng b\u1eefa \u0103n c\u1ee7a b\u1ea1n b\u00ean gia \u0111\u00ecnh, ng\u01b0\u1eddi th\u00e2n.<br \/>H\u01a1n th\u1ebf n\u1eefa, Vilifa c\u00f2n mong mu\u1ed1n n\u00e2ng cao nh\u1eadn th\u1ee9c c\u1ee7a c\u1ed9ng \u0111\u1ed3ng v\u1ec1 t\u1ea7m quan tr\u1ecdng c\u1ee7a n\u00f4ng s\u1ea3n s\u1ea1ch v\u00e0 an to\u00e0n. Th\u00f4ng qua vi\u1ec7c th\u00fac \u0111\u1ea9y kinh doanh, ch\u00fang t\u00f4i \u0111\u1ed3ng th\u1eddi c\u0169ng h\u1ed7 tr\u1ee3 v\u00e0 \u0111\u1ed3ng h\u00e0nh c\u00f9ng ng\u01b0\u1eddi n\u00f4ng d\u00e2n Vi\u1ec7t Nam, gi\u00fap h\u1ecd n\u00e2ng cao thu nh\u1eadp, c\u1ea3i thi\u1ec7n \u0111i\u1ec1u ki\u1ec7n s\u1ed1ng v\u00e0 ki\u1ebfn t\u1ea1o nh\u1eefng gi\u00e1 tr\u1ecb b\u1ec1n v\u1eefng cho t\u01b0\u01a1ng lai.<\/p><p><strong>IV. \u0110\u1ed1i t\u01b0\u1ee3ng kh\u00e1ch h\u00e0ng c\u1ee7a Vilifa<\/strong><br \/>Vilifa l\u00e0 \u0111\u1ecba ch\u1ec9 cung c\u1ea5p uy t\u00edn c\u00e1c s\u1ea3n ph\u1ea9m n\u00f4ng s\u1ea3n t\u01b0\u01a1i s\u1ea1ch, thu\u1ea7n khi\u1ebft, \u0111\u1ea3m b\u1ea3o ch\u1ea5t l\u01b0\u1ee3ng v\u00e0 dinh d\u01b0\u1ee1ng. Ch\u00fang t\u00f4i t\u1eadp trung v\u00e0o vi\u1ec7c cung c\u1ea5p c\u00e1c s\u1ea3n ph\u1ea9m ch\u1ea5t l\u01b0\u1ee3ng cao cho nh\u1eefng \u0111\u1ed1i t\u00e1c, doanh nghi\u1ec7p trong l\u0129nh v\u1ef1c nh\u1eadp kh\u1ea9u v\u00e0 ph\u00e2n ph\u1ed1i th\u1ef1c ph\u1ea9m, c\u00e1c chu\u1ed7i nh\u00e0 h\u00e0ng, si\u00eau th\u1ecb, c\u0169ng nh\u01b0 c\u00e1c doanh nghi\u1ec7p ch\u1ebf bi\u1ebfn v\u00e0 xu\u1ea5t kh\u1ea9u th\u1ef1c ph\u1ea9m. V\u1edbi kh\u1ea3 n\u0103ng cung \u1ee9ng \u0111a d\u1ea1ng v\u00e0 \u1ed5n \u0111\u1ecbnh, Vilifa lu\u00f4n \u0111\u00e1p \u1ee9ng c\u00e1c ti\u00eau chu\u1ea9n kh\u1eaft khe v\u1ec1 v\u1ec7 sinh an to\u00e0n th\u1ef1c ph\u1ea9m v\u00e0 ch\u1ea5t l\u01b0\u1ee3ng s\u1ea3n ph\u1ea9m, \u0111\u1ea3m b\u1ea3o mang l\u1ea1i ngu\u1ed3n n\u00f4ng s\u1ea3n t\u01b0\u01a1i ngon v\u00e0 dinh d\u01b0\u1ee1ng.<\/p><p><strong>V. Nh\u1eefng s\u1ea3n ph\u1ea9m ch\u00ednh c\u1ee7a Vilifa<\/strong><br \/>Vilifa cung c\u1ea5p \u0111a d\u1ea1ng c\u00e1c s\u1ea3n ph\u1ea9m n\u00f4ng s\u1ea3n, bao g\u1ed3m:<br \/><strong>&#8211; Tr\u00e1i c\u00e2y \u0111\u00f4ng l\u1ea1nh:<\/strong>\u00a0Chanh d\u00e2y, s\u1ea7u ri\u00eang, b\u01a1, xo\u00e0i, m\u00edt, m\u00e3ng c\u1ea7u, thanh long, kh\u00f3m, chu\u1ed1i, d\u01b0a h\u1ea5u,&#8230; \u0111\u01b0\u1ee3c ch\u1ebf bi\u1ebfn v\u00e0 b\u1ea3o qu\u1ea3n b\u1eb1ng c\u00f4ng ngh\u1ec7 c\u1ea5p \u0111\u00f4ng hi\u1ec7n \u0111\u1ea1i, gi\u00fap gi\u1eef nguy\u00ean h\u01b0\u01a1ng v\u1ecb v\u00e0 ch\u1ea5t l\u01b0\u1ee3ng.<\/p><p><strong>&#8211; Tr\u00e1i c\u00e2y t\u01b0\u01a1i:<\/strong>\u00a0C\u00e1c lo\u1ea1i tr\u00e1i c\u00e2y \u0111\u01b0\u1ee3c ch\u1ecdn l\u1ef1a k\u1ef9 l\u01b0\u1ee1ng \u0111\u1ec3 \u0111\u1ea3m b\u1ea3o \u0111\u1ed9 t\u01b0\u01a1i ngon v\u00e0 dinh d\u01b0\u1ee1ng.<\/p><p>Vilifa \u0111\u1ea3m b\u1ea3o tr\u00e1i c\u00e2y t\u01b0\u01a1i \u0111\u01b0\u1ee3c ch\u1ecdn l\u1ef1a k\u1ef9 l\u01b0\u1ee1ng v\u00e0 ngu\u1ed3n g\u1ed1c r\u00f5 r\u00e0ng.<\/p><p><strong>&#8211; Rau c\u1ee7 \u0111\u00f4ng l\u1ea1nh:<\/strong>\u00a0C\u00e1c lo\u1ea1i rau c\u1ee7 nh\u01b0 \u0111\u1eadu b\u1eafp, khoai lang, khoai m\u00f4n, c\u1ee7 ngh\u1ec7, s\u1ea3, m\u01b0\u1edbp \u0111\u1eafng, l\u00e1 m\u00ec, l\u00e1 lang, l\u00e1 d\u1ee9a,&#8230; \u0111\u01b0\u1ee3c tuy\u1ec3n ch\u1ecdn v\u00e0 c\u1ea5p \u0111\u00f4ng, gi\u00fap b\u1ea1n d\u1ec5 d\u00e0ng ch\u1ebf bi\u1ebfn c\u00e1c m\u00f3n \u0103n dinh d\u01b0\u1ee1ng cho gia \u0111\u00ecnh<\/p><p><strong>&#8211; S\u1ea3n ph\u1ea9m puree &#8211; c\u00f4 \u0111\u1eb7c:<\/strong>\u00a0Puree l\u00e0 d\u1ea1ng xay nhuy\u1ec5n c\u1ee7a tr\u00e1i c\u00e2y, \u0111\u01b0\u1ee3c c\u00f4 \u0111\u1eb7c v\u00e0 b\u1ea3o qu\u1ea3n \u0111\u1ec3 gi\u1eef nguy\u00ean h\u01b0\u01a1ng v\u1ecb, n\u1ed5i b\u1eadt nh\u1ea5t \u1edf Vilifa l\u00e0 puree chanh d\u00e2y.<\/p><p>\u00a0<\/p>\t\t\t\t\t\t\t\t<\/div>\n\t\t\t\t\t<\/div>\n\t\t\t\t<\/div>\n\t\t<div class=\"elementor-element elementor-element-77f5f9d e-flex e-con-boxed e-con e-parent\" data-id=\"77f5f9d\" data-element_type=\"container\" data-e-type=\"container\">\n\t\t\t\t\t<div class=\"e-con-inner\">\n\t\t<div class=\"elementor-element elementor-element-01da881 e-con-full e-flex e-con e-child\" data-id=\"01da881\" data-element_type=\"container\" data-e-type=\"container\" data-settings=\"{&quot;background_background&quot;:&quot;classic&quot;}\">\n\t\t\t\t<div class=\"elementor-element elementor-element-2c3934d elementor-view-stacked elementor-shape-circle elementor-widget elementor-widget-icon\" data-id=\"2c3934d\" data-element_type=\"widget\" data-e-type=\"widget\" data-widget_type=\"icon.default\">\n\t\t\t\t\t\t\t<div class=\"elementor-icon-wrapper\">\n\t\t\t<a class=\"elementor-icon\" href=\"https:\/\/youtu.be\/eLTfGT-_vKE\" target=\"_blank\">\n\t\t\t<svg xmlns=\"http:\/\/www.w3.org\/2000\/svg\" xmlns:xlink=\"http:\/\/www.w3.org\/1999\/xlink\" id=\"Layer_1\" x=\"0px\" y=\"0px\" viewbox=\"0 0 100 100\" style=\"enable-background:new 0 0 100 100;\" xml:space=\"preserve\"><path d=\"M65.7,53.1l-23,13.2c-1.5,0.8-3.4,0.3-4.3-1.2c-0.3-0.5-0.4-1-0.4-1.5V36.4c0-1.7,1.4-3.1,3.2-3.1c0.5,0,1.1,0.1,1.5,0.4 l23,14c1.5,0.9,2,2.8,1.2,4.3C66.6,52.4,66.2,52.8,65.7,53.1z\"><\/path><\/svg>\t\t\t<\/a>\n\t\t<\/div>\n\t\t\t\t\t\t<\/div>\n\t\t\t\t<\/div>\n\t\t\t\t\t<\/div>\n\t\t\t\t<\/div>\n\t\t<div class=\"elementor-element elementor-element-506e8c6 e-flex e-con-boxed e-con e-parent\" data-id=\"506e8c6\" data-element_type=\"container\" data-e-type=\"container\" data-settings=\"{&quot;background_background&quot;:&quot;classic&quot;}\">\n\t\t\t\t\t<div class=\"e-con-inner\">\n\t\t\t\t<div class=\"elementor-element elementor-element-b13e976 elementor-widget__width-initial elementor-widget-mobile__width-inherit elementor-widget elementor-widget-heading\" data-id=\"b13e976\" data-element_type=\"widget\" data-e-type=\"widget\" data-widget_type=\"heading.default\">\n\t\t\t\t\t<h2 class=\"elementor-heading-title elementor-size-default\">\u0110i\u1ec1u g\u00ec l\u00e0m n\u00ean gi\u00e1 tr\u1ecb th\u01b0\u01a1ng hi\u1ec7u c\u1ee7a Vilifa?<\/h2>\t\t\t\t<\/div>\n\t\t<div class=\"elementor-element elementor-element-11a2afb e-flex e-con-boxed e-con e-child\" data-id=\"11a2afb\" data-element_type=\"container\" data-e-type=\"container\">\n\t\t\t\t\t<div class=\"e-con-inner\">\n\t\t<div class=\"elementor-element elementor-element-a692322 e-con-full e-flex e-con e-child\" data-id=\"a692322\" data-element_type=\"container\" data-e-type=\"container\" data-settings=\"{&quot;background_background&quot;:&quot;classic&quot;}\">\n\t\t\t\t<div class=\"elementor-element elementor-element-4749811 elementor-view-default elementor-widget elementor-widget-icon\" data-id=\"4749811\" data-element_type=\"widget\" data-e-type=\"widget\" data-widget_type=\"icon.default\">\n\t\t\t\t\t\t\t<div class=\"elementor-icon-wrapper\">\n\t\t\t<div class=\"elementor-icon\">\n\t\t\t<svg xmlns=\"http:\/\/www.w3.org\/2000\/svg\" viewbox=\"0 0 40 40\"><path d=\"M26.67 28.98v-1.83a9.923 9.923 0 0 0 4.44-8.26c0-5.52 0-10-6.67-10s-6.67 4.48-6.67 10a9.947 9.947 0 0 0 4.44 8.26v1.83c-7.54.62-13.33 4.32-13.33 8.8H40c0-4.48-5.8-8.18-13.33-8.8zm-15.31.86c2.13-1.34 4.48-2.28 6.94-2.79-.54-.63-1.01-1.32-1.41-2.05-1.04-1.87-1.6-3.97-1.61-6.11 0-2.99 0-5.81 1.06-8.12a7.243 7.243 0 0 1 5.53-4.15c-.59-2.66-2.15-4.4-6.31-4.4-6.67 0-6.67 4.48-6.67 10a9.957 9.957 0 0 0 4.45 8.26v1.83C5.79 22.93 0 26.63 0 31.11h9.69c.52-.46 1.08-.89 1.67-1.27z\"><\/path><\/svg>\t\t\t<\/div>\n\t\t<\/div>\n\t\t\t\t\t\t<\/div>\n\t\t\t\t<div class=\"elementor-element elementor-element-fd1b491 elementor-widget elementor-widget-heading\" data-id=\"fd1b491\" data-element_type=\"widget\" data-e-type=\"widget\" data-widget_type=\"heading.default\">\n\t\t\t\t\t<h3 class=\"elementor-heading-title elementor-size-default\">Ch\u1ea5t l\u01b0\u1ee3ng s\u1ea3n ph\u1ea9m v\u01b0\u1ee3t tr\u1ed9i<\/h3>\t\t\t\t<\/div>\n\t\t\t\t<\/div>\n\t\t<div class=\"elementor-element elementor-element-3d663fb e-con-full e-flex e-con e-child\" data-id=\"3d663fb\" data-element_type=\"container\" data-e-type=\"container\" data-settings=\"{&quot;background_background&quot;:&quot;classic&quot;}\">\n\t\t\t\t<div class=\"elementor-element elementor-element-2143e7a elementor-view-default elementor-widget elementor-widget-icon\" data-id=\"2143e7a\" data-element_type=\"widget\" data-e-type=\"widget\" data-widget_type=\"icon.default\">\n\t\t\t\t\t\t\t<div class=\"elementor-icon-wrapper\">\n\t\t\t<div class=\"elementor-icon\">\n\t\t\t<svg xmlns=\"http:\/\/www.w3.org\/2000\/svg\" viewbox=\"0 0 40 40\"><path d=\"M5 7.5H0C0 17.16 7.84 25 17.5 25v11.25c0 .69.56 1.25 1.25 1.25h2.5c.69 0 1.25-.56 1.25-1.25V25c0-9.66-7.84-17.5-17.5-17.5zm30-5c-6.35 0-12.21 3.45-15.29 9 2.19 2.39 3.78 5.27 4.61 8.41C33.23 18.97 40 11.46 40 2.5h-5z\"><\/path><\/svg>\t\t\t<\/div>\n\t\t<\/div>\n\t\t\t\t\t\t<\/div>\n\t\t\t\t<div class=\"elementor-element elementor-element-4f4fa73 elementor-widget elementor-widget-heading\" data-id=\"4f4fa73\" data-element_type=\"widget\" data-e-type=\"widget\" data-widget_type=\"heading.default\">\n\t\t\t\t\t<h3 class=\"elementor-heading-title elementor-size-default\">\u0110a d\u1ea1ng ch\u1ee7ng lo\u1ea1i<\/h3>\t\t\t\t<\/div>\n\t\t\t\t<\/div>\n\t\t<div class=\"elementor-element elementor-element-d1a964f e-con-full e-flex e-con e-child\" data-id=\"d1a964f\" data-element_type=\"container\" data-e-type=\"container\" data-settings=\"{&quot;background_background&quot;:&quot;classic&quot;}\">\n\t\t\t\t<div class=\"elementor-element elementor-element-c69dcd2 elementor-view-default elementor-widget elementor-widget-icon\" data-id=\"c69dcd2\" data-element_type=\"widget\" data-e-type=\"widget\" data-widget_type=\"icon.default\">\n\t\t\t\t\t\t\t<div class=\"elementor-icon-wrapper\">\n\t\t\t<div class=\"elementor-icon\">\n\t\t\t<svg aria-hidden=\"true\" class=\"e-font-icon-svg e-fas-star\" viewbox=\"0 0 576 512\" xmlns=\"http:\/\/www.w3.org\/2000\/svg\"><path d=\"M259.3 17.8L194 150.2 47.9 171.5c-26.2 3.8-36.7 36.1-17.7 54.6l105.7 103-25 145.5c-4.5 26.3 23.2 46 46.4 33.7L288 439.6l130.7 68.7c23.2 12.2 50.9-7.4 46.4-33.7l-25-145.5 105.7-103c19-18.5 8.5-50.8-17.7-54.6L382 150.2 316.7 17.8c-11.7-23.6-45.6-23.9-57.4 0z\"><\/path><\/svg>\t\t\t<\/div>\n\t\t<\/div>\n\t\t\t\t\t\t<\/div>\n\t\t\t\t<div class=\"elementor-element elementor-element-1637d13 elementor-widget elementor-widget-heading\" data-id=\"1637d13\" data-element_type=\"widget\" data-e-type=\"widget\" data-widget_type=\"heading.default\">\n\t\t\t\t\t<h3 class=\"elementor-heading-title elementor-size-default\">Gi\u00e1 c\u1ea3 c\u1ea1nh tranh<\/h3>\t\t\t\t<\/div>\n\t\t\t\t<\/div>\n\t\t\t\t\t<\/div>\n\t\t\t\t<\/div>\n\t\t\t\t\t<\/div>\n\t\t\t\t<\/div>\n\t\t\t\t<\/div>","protected":false},"excerpt":{"rendered":"<p>Gi\u1edbi thi\u1ec7u Vilifa Gi\u1edbi thi\u1ec7u V\u00ec sao ch\u1ecdn ch\u00fang t\u00f4i V\u1edbi s\u1ee9 m\u1ec7nh mang \u0111\u1ebfn nh\u1eefng s\u1ea3n ph\u1ea9m n\u00f4ng nghi\u1ec7p s\u1ea1ch, an to\u00e0n v\u00e0 ch\u1ea5t l\u01b0\u1ee3ng cao, Vilifa \u0111\u00e3 v\u00e0 \u0111ang tr\u1edf th\u00e0nh \u0111i\u1ec3m \u0111\u1ebfn tin c\u1eady c\u1ee7a c\u00e1c \u0111\u1ed1i t\u00e1c doanh nghi\u1ec7p v\u00e0 ng\u01b0\u1eddi ti\u00eau d\u00f9ng. H\u00e3y c\u00f9ng ch\u00fang t\u00f4i x\u00e2y d\u1ef1ng m\u1ed9t c\u1ed9ng \u0111\u1ed3ng ti\u00eau d\u00f9ng th\u00f4ng minh, h\u01b0\u1edbng \u0111\u1ebfn nh\u1eefng gi\u00e1 tr\u1ecb s\u1ed1ng b\u1ec1n v\u1eefng. I. V\u1ec1 ch\u00fang t\u00f4iC\u00f9ng v\u1edbi s\u1ef1 nhi\u1ec7t huy\u1ebft v\u00e0 ni\u1ec1m \u0111am m\u00ea v\u1edbi n\u00f4ng nghi\u1ec7p v\u00e0 \u0111\u1eb7c bi\u1ec7t l\u00e0 tr\u00e1i c\u00e2y v\u00e0 n\u00f4ng s\u1ea3n T\u00e2y Nguy\u00ean, ch\u00fang t\u00f4i \u0111\u00e3 c\u00f3 nh\u1eefng b\u01b0\u1edbc \u0111i \u0111\u1ea7u ti\u00ean v\u00e0o n\u0103m 2018 b\u1eb1ng vi\u1ec7c thu mua [&hellip;]<\/p>\n","protected":false},"author":1,"featured_media":0,"parent":0,"menu_order":0,"comment_status":"closed","ping_status":"closed","template":"","meta":{"footnotes":""},"class_list":["post-681","page","type-page","status-publish","hentry"],"blocksy_meta":{"styles_descriptor":{"styles":{"desktop":"","tablet":"","mobile":""},"google_fonts":[],"version":6},"page_title_panel":"","has_hero_section":"disabled","1d15b7934ff424ab25737f2d764de13a":"","hero_section":"type-1","hero_elements":[{"id":"custom_title","enabled":true,"heading_tag":"h1","title":"Home"},{"id":"custom_description","enabled":true,"description_visibility":{"desktop":true,"tablet":true,"mobile":false}},{"id":"custom_meta","enabled":false,"meta_elements":[{"id":"author","enabled":true,"label":"By","has_author_avatar":"yes","avatar_size":25},{"id":"post_date","enabled":true,"label":"On","date_format_source":"default","date_format":"M j, Y"},{"id":"updated_date","enabled":false,"label":"On","date_format_source":"default","date_format":"M j, Y"},{"id":"categories","enabled":false,"label":"In","style":"simple"},{"id":"comments","enabled":true}],"page_meta_elements":{"joined":true,"articles_count":true,"comments":true}},{"id":"breadcrumbs","enabled":false}],"e377139f0e48a4cb5a64798ea8d651b9":"","hero_alignment1":"CT_CSS_SKIP_RULE","hero_margin":40,"hero_alignment2":"center","hero_vertical_alignment":"center","af09189de71c08c18e1cd076aeaad8fe":"","hero_structure":"narrow","4241a204ae10e70836b130f646a7f2d5":"","page_title_bg_type":"featured_image","custom_hero_background":{"attachment_id":null},"page_title_image_size":"full","parallax":{"desktop":false,"tablet":false,"mobile":false},"37c6846e78051bc32791c6958664507d":"","hero_height":"250px","pageTitleFont":{"family":"Default","variation":"Default","size":"30px","line-height":"CT_CSS_SKIP_RULE","letter-spacing":"CT_CSS_SKIP_RULE","text-transform":"CT_CSS_SKIP_RULE","text-decoration":"CT_CSS_SKIP_RULE"},"pageTitleFontColor":{"default":{"color":"CT_CSS_SKIP_RULEDEFAULT"}},"pageMetaFont":{"family":"Default","variation":"n6","size":"12px","line-height":"1.3","letter-spacing":"CT_CSS_SKIP_RULE","text-transform":"uppercase","text-decoration":"CT_CSS_SKIP_RULE"},"pageMetaFontColor":{"default":{"color":"CT_CSS_SKIP_RULEDEFAULT"},"hover":{"color":"CT_CSS_SKIP_RULEDEFAULT"}},"page_meta_button_type_font_colors":{"default":{"color":"CT_CSS_SKIP_RULEDEFAULT"},"hover":{"color":"CT_CSS_SKIP_RULEDEFAULT"}},"page_meta_button_type_background_colors":{"default":{"color":"CT_CSS_SKIP_RULEDEFAULT"},"hover":{"color":"CT_CSS_SKIP_RULEDEFAULT"}},"pageExcerptFont":{"family":"Default","variation":"Default","size":"CT_CSS_SKIP_RULE","line-height":"CT_CSS_SKIP_RULE","letter-spacing":"CT_CSS_SKIP_RULE","text-transform":"CT_CSS_SKIP_RULE","text-decoration":"CT_CSS_SKIP_RULE"},"pageExcerptColor":{"default":{"color":"CT_CSS_SKIP_RULEDEFAULT"}},"breadcrumbsFont":{"family":"Default","variation":"Default","size":"CT_CSS_SKIP_RULE","line-height":"CT_CSS_SKIP_RULE","letter-spacing":"CT_CSS_SKIP_RULE","text-transform":"CT_CSS_SKIP_RULE","text-decoration":"CT_CSS_SKIP_RULE"},"breadcrumbsFontColor":{"default":{"color":"CT_CSS_SKIP_RULEDEFAULT"},"initial":{"color":"CT_CSS_SKIP_RULEDEFAULT"},"hover":{"color":"CT_CSS_SKIP_RULEDEFAULT"}},"pageTitleOverlay":{"background_type":"color","background_pattern":"type-1","background_image":{"attachment_id":null,"x":0,"y":0},"gradient":"linear-gradient(135deg,rgba(6,147,227,1) 0%,rgb(155,81,224) 100%)","background_repeat":"repeat","background_size":"auto","background_attachment":"scroll","patternColor":{"default":{"color":"#e5e7ea"}},"overlayColor":{"default":{"color":"CT_CSS_SKIP_RULE"}},"backgroundColor":{"default":{"color":"CT_CSS_SKIP_RULE"}}},"pageTitleBackground":{"background_type":"color","background_pattern":"type-1","background_image":{"attachment_id":null,"x":0,"y":0},"gradient":"linear-gradient(135deg,rgba(6,147,227,1) 0%,rgb(155,81,224) 100%)","background_repeat":"repeat","background_size":"auto","background_attachment":"scroll","patternColor":{"default":{"color":"#e5e7ea"}},"overlayColor":{"default":{"color":"CT_CSS_SKIP_RULE"}},"backgroundColor":{"default":{"color":"var(--theme-palette-color-6)"}}},"pageTitlePadding":{"top":"50px","bottom":"50px","left":"auto","right":"auto","linked":true},"a8fa859ceafab67cbfce97e380ccc088":"","page_structure_type":"default","2c44625e200027fb7003d1deb510aed8":"","content_style_source":"inherit","content_style":"wide","vertical_spacing_source":"custom","content_area_spacing":"none","background":{"background_type":"color","background_pattern":"type-1","background_image":{"attachment_id":null,"x":0,"y":0},"gradient":"linear-gradient(135deg,rgba(6,147,227,1) 0%,rgb(155,81,224) 100%)","background_repeat":"repeat","background_size":"auto","background_attachment":"scroll","patternColor":{"default":{"color":"#e5e7ea"}},"overlayColor":{"default":{"color":"CT_CSS_SKIP_RULE"}},"backgroundColor":{"default":{"color":"CT_CSS_SKIP_RULE"}}},"content_background":{"background_type":"color","background_pattern":"type-1","background_image":{"attachment_id":null,"x":0,"y":0},"gradient":"linear-gradient(135deg,rgba(6,147,227,1) 0%,rgb(155,81,224) 100%)","background_repeat":"repeat","background_size":"auto","background_attachment":"scroll","patternColor":{"default":{"color":"#e5e7ea"}},"overlayColor":{"default":{"color":"CT_CSS_SKIP_RULE"}},"backgroundColor":{"default":{"color":"var(--theme-palette-color-8)"}}},"content_boxed_shadow":{"inherit":false,"blur":18,"spread":-6,"v_offset":12,"h_offset":0,"inset":false,"enable":true,"color":{"color":"rgba(34, 56, 101, 0.04)"}},"content_boxed_border":{"width":1,"style":"none","color":{"color":"rgba(44,62,80,0.2)"}},"content_boxed_radius":{"top":"3px","bottom":"3px","left":"3px","right":"3px","linked":true},"boxed_content_spacing":{"desktop":{"top":"40px","bottom":"40px","left":"40px","right":"40px","linked":true},"tablet":{"top":"35px","bottom":"35px","left":"35px","right":"35px","linked":true},"mobile":{"top":"20px","bottom":"20px","left":"20px","right":"20px","linked":true}},"b6a9da5a132a1b76f66ef374aa22372c":"","disable_featured_image":"no","disable_share_box":"no","disable_header":"no","disable_footer":"no"},"_links":{"self":[{"href":"https:\/\/vilifa.com\/ja\/wp-json\/wp\/v2\/pages\/681","targetHints":{"allow":["GET"]}}],"collection":[{"href":"https:\/\/vilifa.com\/ja\/wp-json\/wp\/v2\/pages"}],"about":[{"href":"https:\/\/vilifa.com\/ja\/wp-json\/wp\/v2\/types\/page"}],"author":[{"embeddable":true,"href":"https:\/\/vilifa.com\/ja\/wp-json\/wp\/v2\/users\/1"}],"replies":[{"embeddable":true,"href":"https:\/\/vilifa.com\/ja\/wp-json\/wp\/v2\/comments?post=681"}],"version-history":[{"count":13,"href":"https:\/\/vilifa.com\/ja\/wp-json\/wp\/v2\/pages\/681\/revisions"}],"predecessor-version":[{"id":2385,"href":"https:\/\/vilifa.com\/ja\/wp-json\/wp\/v2\/pages\/681\/revisions\/2385"}],"wp:attachment":[{"href":"https:\/\/vilifa.com\/ja\/wp-json\/wp\/v2\/media?parent=681"}],"curies":[{"name":"wp","href":"https:\/\/api.w.org\/{rel}","templated":true}]}}